{"id":12,"date":"2023-02-28T21:42:42","date_gmt":"2023-02-28T20:42:42","guid":{"rendered":"http:\/\/www.cgtivecovx.fr\/?page_id=12"},"modified":"2024-04-05T15:59:29","modified_gmt":"2024-04-05T13:59:29","slug":"contact","status":"publish","type":"page","link":"https:\/\/www.cgtivecovx.fr\/index.php\/contact\/","title":{"rendered":"Contact"},"content":{"rendered":"\n<p>Vous pouvez nous rejoindre en contactant les repr\u00e9sentant locaux ou par mail : cgtivecovx@hotmail.com <\/p>\n\n\n<style id=\"wpforms-css-vars-root\">\n\t\t\t\t:root {\n\t\t\t\t\t--wpforms-field-border-radius: 3px;\n--wpforms-field-background-color: #ffffff;\n--wpforms-field-border-color: rgba( 0, 0, 0, 0.25 );\n--wpforms-field-text-color: rgba( 0, 0, 0, 0.7 );\n--wpforms-label-color: rgba( 0, 0, 0, 0.85 );\n--wpforms-label-sublabel-color: rgba( 0, 0, 0, 0.55 );\n--wpforms-label-error-color: #d63637;\n--wpforms-button-border-radius: 3px;\n--wpforms-button-background-color: #066aab;\n--wpforms-button-text-color: #ffffff;\n--wpforms-page-break-color: #066aab;\n--wpforms-field-size-input-height: 43px;\n--wpforms-field-size-input-spacing: 15px;\n--wpforms-field-size-font-size: 16px;\n--wpforms-field-size-line-height: 19px;\n--wpforms-field-size-padding-h: 14px;\n--wpforms-field-size-checkbox-size: 16px;\n--wpforms-field-size-sublabel-spacing: 5px;\n--wpforms-field-size-icon-size: 1;\n--wpforms-label-size-font-size: 16px;\n--wpforms-label-size-line-height: 19px;\n--wpforms-label-size-sublabel-font-size: 14px;\n--wpforms-label-size-sublabel-line-height: 17px;\n--wpforms-button-size-font-size: 17px;\n--wpforms-button-size-height: 41px;\n--wpforms-button-size-padding-h: 15px;\n--wpforms-button-size-margin-top: 10px;\n\n\t\t\t\t}\n\t\t\t<\/style><div class=\"wpforms-container wpforms-container-full wpforms-block wpforms-block-3d99af71-724e-4e79-b06d-2753edd3c4b9 wpforms-render-modern\" id=\"wpforms-141\"><form id=\"wpforms-form-141\" class=\"wpforms-validate wpforms-form wpforms-ajax-form\" data-formid=\"141\" method=\"post\" enctype=\"multipart\/form-data\" action=\"\/index.php\/wp-json\/wp\/v2\/pages\/12\" data-token=\"18b765128701ccee73b7ecdb4e98f3aa\"><noscript class=\"wpforms-error-noscript\">Veuillez activer JavaScript dans votre navigateur pour remplir ce formulaire.<\/noscript><div class=\"wpforms-hidden\" id=\"wpforms-error-noscript\">Veuillez activer JavaScript dans votre navigateur pour remplir ce formulaire.<\/div><div class=\"wpforms-field-container\"><div id=\"wpforms-141-field_0-container\" class=\"wpforms-field wpforms-field-name\" data-field-id=\"0\"><fieldset><legend class=\"wpforms-field-label\">Nom <span class=\"wpforms-required-label\" aria-hidden=\"true\">*<\/span><\/legend><div class=\"wpforms-field-row wpforms-field-medium\"><div class=\"wpforms-field-row-block wpforms-first wpforms-one-half\"><input type=\"text\" id=\"wpforms-141-field_0\" class=\"wpforms-field-name-first wpforms-field-required\" name=\"wpforms[fields][0][first]\" value=\"Nom\" placeholder=\"Nom\" aria-errormessage=\"wpforms-141-field_0-error\" required><label for=\"wpforms-141-field_0\" class=\"wpforms-field-sublabel after \">Pr\u00e9nom<\/label><\/div><div class=\"wpforms-field-row-block wpforms-one-half\"><input type=\"text\" id=\"wpforms-141-field_0-last\" class=\"wpforms-field-name-last wpforms-field-required\" name=\"wpforms[fields][0][last]\" value=\"P\u00e9rnom\" placeholder=\"Pr\u00e9nom\" aria-errormessage=\"wpforms-141-field_0-last-error\" required><label for=\"wpforms-141-field_0-last\" class=\"wpforms-field-sublabel after \">Nom<\/label><\/div><\/div><\/fieldset><\/div><div id=\"wpforms-141-field_1-container\" class=\"wpforms-field wpforms-field-email\" data-field-id=\"1\"><label class=\"wpforms-field-label\" for=\"wpforms-141-field_1\">Email <span class=\"wpforms-required-label\" aria-hidden=\"true\">*<\/span><\/label><input type=\"email\" id=\"wpforms-141-field_1\" class=\"wpforms-field-medium wpforms-field-required\" name=\"wpforms[fields][1]\" spellcheck=\"false\" aria-errormessage=\"wpforms-141-field_1-error\" required><\/div><div id=\"wpforms-141-field_2-container\" class=\"wpforms-field wpforms-field-textarea\" data-field-id=\"2\"><label class=\"wpforms-field-label\" for=\"wpforms-141-field_2\">Message<\/label><textarea id=\"wpforms-141-field_2\" class=\"wpforms-field-medium\" name=\"wpforms[fields][2]\" aria-errormessage=\"wpforms-141-field_2-error\" aria-describedby=\"wpforms-141-field_2-description\" ><\/textarea><div id=\"wpforms-141-field_2-description\" class=\"wpforms-field-description\">Vous souhaitez prendre contact avec nous pour des question\/r\u00e9ponses, merci de remplir le formulaire avec vos questions.<\/div><\/div><\/div><!-- .wpforms-field-container --><div class=\"wpforms-submit-container\" ><input type=\"hidden\" name=\"wpforms[id]\" value=\"141\"><input type=\"hidden\" name=\"wpforms[author]\" value=\"1\"><button type=\"submit\" name=\"wpforms[submit]\" id=\"wpforms-submit-141\" class=\"wpforms-submit\" data-alt-text=\"Envoi du message\" data-submit-text=\"Soumettre\" aria-live=\"assertive\" value=\"wpforms-submit\">Soumettre<\/button><img loading=\"lazy\" decoding=\"async\" src=\"https:\/\/www.cgtivecovx.fr\/wp-content\/plugins\/wpforms-lite\/assets\/images\/submit-spin.svg\" class=\"wpforms-submit-spinner\" style=\"display: none;\" width=\"26\" height=\"26\" alt=\"Chargement en cours\"><\/div><\/form><\/div>  <!-- .wpforms-container -->\n\n\n<p>Bulletin de syndicalisation<\/p>\n\n\n\n<div data-wp-interactive=\"core\/file\" class=\"wp-block-file\"><object data-wp-bind--hidden=\"!state.hasPdfPreview\" hidden class=\"wp-block-file__embed\" data=\"https:\/\/www.cgtivecovx.fr\/wp-content\/uploads\/2024\/04\/SYNDICALISATION_CGT-.pdf\" type=\"application\/pdf\" style=\"width:100%;height:600px\" aria-label=\"Contenu embarqu\u00e9 SYNDICALISATION_CGT.\"><\/object><a id=\"wp-block-file--media-63cdb8d3-199f-42c6-b643-6fd6740a4026\" href=\"https:\/\/www.cgtivecovx.fr\/wp-content\/uploads\/2024\/04\/SYNDICALISATION_CGT-.pdf\">SYNDICALISATION_CGT<\/a><a href=\"https:\/\/www.cgtivecovx.fr\/wp-content\/uploads\/2024\/04\/SYNDICALISATION_CGT-.pdf\" class=\"wp-block-file__button wp-element-button\" download aria-describedby=\"wp-block-file--media-63cdb8d3-199f-42c6-b643-6fd6740a4026\">T\u00e9l\u00e9charger<\/a><\/div>\n","protected":false},"excerpt":{"rendered":"<p>Vous pouvez nous rejoindre en contactant les repr\u00e9sentant locaux ou par mail : cgtivecovx@hotmail.com Bulletin de syndicalisation<\/p>\n","protected":false},"author":1,"featured_media":0,"parent":0,"menu_order":0,"comment_status":"open","ping_status":"closed","template":"","meta":{"footnotes":""},"class_list":["post-12","page","type-page","status-publish","hentry"],"yoast_head":"<!-- This site is optimized with the Yoast SEO plugin v22.4 - https:\/\/yoast.com\/wordpress\/plugins\/seo\/ -->\n<title>Contact - CGT IVECOBUS V\u00e9nissieux<\/title>\n<meta name=\"robots\" content=\"index, follow, max-snippet:-1, max-image-preview:large, max-video-preview:-1\" \/>\n<link rel=\"canonical\" href=\"https:\/\/www.cgtivecovx.fr\/index.php\/contact\/\" \/>\n<meta property=\"og:locale\" content=\"fr_FR\" \/>\n<meta property=\"og:type\" content=\"article\" \/>\n<meta property=\"og:title\" content=\"Contact - CGT IVECOBUS V\u00e9nissieux\" \/>\n<meta property=\"og:description\" content=\"Vous pouvez nous rejoindre en contactant les repr\u00e9sentant locaux ou par mail : cgtivecovx@hotmail.com Bulletin de syndicalisation\" \/>\n<meta property=\"og:url\" content=\"https:\/\/www.cgtivecovx.fr\/index.php\/contact\/\" \/>\n<meta property=\"og:site_name\" content=\"CGT IVECOBUS V\u00e9nissieux\" \/>\n<meta property=\"article:modified_time\" content=\"2024-04-05T13:59:29+00:00\" \/>\n<meta name=\"twitter:card\" content=\"summary_large_image\" \/>\n<meta name=\"twitter:label1\" content=\"Dur\u00e9e de lecture estim\u00e9e\" \/>\n\t<meta name=\"twitter:data1\" content=\"1 minute\" \/>\n<script type=\"application\/ld+json\" class=\"yoast-schema-graph\">{\"@context\":\"https:\/\/schema.org\",\"@graph\":[{\"@type\":\"WebPage\",\"@id\":\"https:\/\/www.cgtivecovx.fr\/index.php\/contact\/\",\"url\":\"https:\/\/www.cgtivecovx.fr\/index.php\/contact\/\",\"name\":\"Contact - CGT IVECOBUS V\u00e9nissieux\",\"isPartOf\":{\"@id\":\"https:\/\/www.cgtivecovx.fr\/#website\"},\"datePublished\":\"2023-02-28T20:42:42+00:00\",\"dateModified\":\"2024-04-05T13:59:29+00:00\",\"breadcrumb\":{\"@id\":\"https:\/\/www.cgtivecovx.fr\/index.php\/contact\/#breadcrumb\"},\"inLanguage\":\"fr-FR\",\"potentialAction\":[{\"@type\":\"ReadAction\",\"target\":[\"https:\/\/www.cgtivecovx.fr\/index.php\/contact\/\"]}]},{\"@type\":\"BreadcrumbList\",\"@id\":\"https:\/\/www.cgtivecovx.fr\/index.php\/contact\/#breadcrumb\",\"itemListElement\":[{\"@type\":\"ListItem\",\"position\":1,\"name\":\"Accueil\",\"item\":\"https:\/\/www.cgtivecovx.fr\/\"},{\"@type\":\"ListItem\",\"position\":2,\"name\":\"Contact\"}]},{\"@type\":\"WebSite\",\"@id\":\"https:\/\/www.cgtivecovx.fr\/#website\",\"url\":\"https:\/\/www.cgtivecovx.fr\/\",\"name\":\"CGT IVECOBUS V\u00e9nissieux\",\"description\":\"Tous unis, nous sommes plus fort\",\"publisher\":{\"@id\":\"https:\/\/www.cgtivecovx.fr\/#organization\"},\"potentialAction\":[{\"@type\":\"SearchAction\",\"target\":{\"@type\":\"EntryPoint\",\"urlTemplate\":\"https:\/\/www.cgtivecovx.fr\/?s={search_term_string}\"},\"query-input\":\"required name=search_term_string\"}],\"inLanguage\":\"fr-FR\"},{\"@type\":\"Organization\",\"@id\":\"https:\/\/www.cgtivecovx.fr\/#organization\",\"name\":\"CGT IVECOBUS V\u00e9nissieux\",\"url\":\"https:\/\/www.cgtivecovx.fr\/\",\"logo\":{\"@type\":\"ImageObject\",\"inLanguage\":\"fr-FR\",\"@id\":\"https:\/\/www.cgtivecovx.fr\/#\/schema\/logo\/image\/\",\"url\":\"https:\/\/www.cgtivecovx.fr\/wp-content\/uploads\/2023\/02\/cropped-cgt_ivecofrance.png\",\"contentUrl\":\"https:\/\/www.cgtivecovx.fr\/wp-content\/uploads\/2023\/02\/cropped-cgt_ivecofrance.png\",\"width\":152,\"height\":250,\"caption\":\"CGT IVECOBUS V\u00e9nissieux\"},\"image\":{\"@id\":\"https:\/\/www.cgtivecovx.fr\/#\/schema\/logo\/image\/\"}}]}<\/script>\n<!-- \/ Yoast SEO plugin. -->","yoast_head_json":{"title":"Contact - CGT IVECOBUS V\u00e9nissieux","robots":{"index":"index","follow":"follow","max-snippet":"max-snippet:-1","max-image-preview":"max-image-preview:large","max-video-preview":"max-video-preview:-1"},"canonical":"https:\/\/www.cgtivecovx.fr\/index.php\/contact\/","og_locale":"fr_FR","og_type":"article","og_title":"Contact - CGT IVECOBUS V\u00e9nissieux","og_description":"Vous pouvez nous rejoindre en contactant les repr\u00e9sentant locaux ou par mail : cgtivecovx@hotmail.com Bulletin de syndicalisation","og_url":"https:\/\/www.cgtivecovx.fr\/index.php\/contact\/","og_site_name":"CGT IVECOBUS V\u00e9nissieux","article_modified_time":"2024-04-05T13:59:29+00:00","twitter_card":"summary_large_image","twitter_misc":{"Dur\u00e9e de lecture estim\u00e9e":"1 minute"},"schema":{"@context":"https:\/\/schema.org","@graph":[{"@type":"WebPage","@id":"https:\/\/www.cgtivecovx.fr\/index.php\/contact\/","url":"https:\/\/www.cgtivecovx.fr\/index.php\/contact\/","name":"Contact - CGT IVECOBUS V\u00e9nissieux","isPartOf":{"@id":"https:\/\/www.cgtivecovx.fr\/#website"},"datePublished":"2023-02-28T20:42:42+00:00","dateModified":"2024-04-05T13:59:29+00:00","breadcrumb":{"@id":"https:\/\/www.cgtivecovx.fr\/index.php\/contact\/#breadcrumb"},"inLanguage":"fr-FR","potentialAction":[{"@type":"ReadAction","target":["https:\/\/www.cgtivecovx.fr\/index.php\/contact\/"]}]},{"@type":"BreadcrumbList","@id":"https:\/\/www.cgtivecovx.fr\/index.php\/contact\/#breadcrumb","itemListElement":[{"@type":"ListItem","position":1,"name":"Accueil","item":"https:\/\/www.cgtivecovx.fr\/"},{"@type":"ListItem","position":2,"name":"Contact"}]},{"@type":"WebSite","@id":"https:\/\/www.cgtivecovx.fr\/#website","url":"https:\/\/www.cgtivecovx.fr\/","name":"CGT IVECOBUS V\u00e9nissieux","description":"Tous unis, nous sommes plus fort","publisher":{"@id":"https:\/\/www.cgtivecovx.fr\/#organization"},"potentialAction":[{"@type":"SearchAction","target":{"@type":"EntryPoint","urlTemplate":"https:\/\/www.cgtivecovx.fr\/?s={search_term_string}"},"query-input":"required name=search_term_string"}],"inLanguage":"fr-FR"},{"@type":"Organization","@id":"https:\/\/www.cgtivecovx.fr\/#organization","name":"CGT IVECOBUS V\u00e9nissieux","url":"https:\/\/www.cgtivecovx.fr\/","logo":{"@type":"ImageObject","inLanguage":"fr-FR","@id":"https:\/\/www.cgtivecovx.fr\/#\/schema\/logo\/image\/","url":"https:\/\/www.cgtivecovx.fr\/wp-content\/uploads\/2023\/02\/cropped-cgt_ivecofrance.png","contentUrl":"https:\/\/www.cgtivecovx.fr\/wp-content\/uploads\/2023\/02\/cropped-cgt_ivecofrance.png","width":152,"height":250,"caption":"CGT IVECOBUS V\u00e9nissieux"},"image":{"@id":"https:\/\/www.cgtivecovx.fr\/#\/schema\/logo\/image\/"}}]}},"_links":{"self":[{"href":"https:\/\/www.cgtivecovx.fr\/index.php\/wp-json\/wp\/v2\/pages\/12","targetHints":{"allow":["GET"]}}],"collection":[{"href":"https:\/\/www.cgtivecovx.fr\/index.php\/wp-json\/wp\/v2\/pages"}],"about":[{"href":"https:\/\/www.cgtivecovx.fr\/index.php\/wp-json\/wp\/v2\/types\/page"}],"author":[{"embeddable":true,"href":"https:\/\/www.cgtivecovx.fr\/index.php\/wp-json\/wp\/v2\/users\/1"}],"replies":[{"embeddable":true,"href":"https:\/\/www.cgtivecovx.fr\/index.php\/wp-json\/wp\/v2\/comments?post=12"}],"version-history":[{"count":4,"href":"https:\/\/www.cgtivecovx.fr\/index.php\/wp-json\/wp\/v2\/pages\/12\/revisions"}],"predecessor-version":[{"id":309,"href":"https:\/\/www.cgtivecovx.fr\/index.php\/wp-json\/wp\/v2\/pages\/12\/revisions\/309"}],"wp:attachment":[{"href":"https:\/\/www.cgtivecovx.fr\/index.php\/wp-json\/wp\/v2\/media?parent=12"}],"curies":[{"name":"wp","href":"https:\/\/api.w.org\/{rel}","templated":true}]}}